{"id":98,"date":"2020-04-30T19:18:10","date_gmt":"2020-04-30T16:18:10","guid":{"rendered":"http:\/\/www.bulentevcil.art\/en\/?page_id=98"},"modified":"2020-06-05T16:36:41","modified_gmt":"2020-06-05T13:36:41","slug":"videos","status":"publish","type":"page","link":"http:\/\/www.bulentevcil.art\/en\/index.php\/videos\/","title":{"rendered":"Videos"},"content":{"rendered":"\n<div id=\"ayg-75aac1fb4c921d898932173516938ef9\" class=\"ayg ayg-theme-classic\" data-params='{\"uid\":\"75aac1fb4c921d898932173516938ef9\",\"autoplay\":0,\"loop\":0,\"muted\":0,\"controls\":1,\"modestbranding\":1,\"cc_load_policy\":0,\"iv_load_policy\":0,\"hl\":\"\",\"cc_lang_pref\":\"\",\"autoadvance\":0,\"player_title\":1,\"player_description\":1}'>\n    <!-- Player -->\n    <div class=\"ayg-player\">\n        <div class=\"ayg-player-wrapper\" style=\"padding-bottom: 56.25%;\">\n            <iframe class=\"ayg-player-iframe\" width=\"100%\" height=\"100%\" src=\"https:\/\/www.youtube.com\/embed\/u6nQmxAxJHk\" data-id=\"u6nQmxAxJHk\" frameborder=\"0\" allow=\"accelerometer; autoplay; encrypted-media; gyroscope; picture-in-picture\" allowfullscreen><\/iframe>        <\/div>\n\n        <div class=\"ayg-player-caption\">\n                \n                <h2 class=\"ayg-player-title\">Joaqu\u00edn Rodrigo - Concierto Pastoral 1. Movement<\/h2>  \n            \n              \n                <div class=\"ayg-player-description\">Bulent Evcil plays Joaqu\u00edn Rodrigo ''Concierto Pastoral'' First Movement<br \/>\nLive Concert Recording<br \/>\nBulent Evcil &amp; Flute<br \/>\nJose-Miguel Rodilla  &amp; Conducter<br \/>\nMURCIA STATE SYMPHONY<\/div>\n                    <\/div>\n    <\/div>\n\n    <!-- Gallery -->\n    <div class=\"ayg-gallery ayg-row\">\n                    <div class=\"ayg-item ayg-item-u6nQmxAxJHk ayg-col ayg-col-3 ayg-active\">\n                \n<div class=\"ayg-thumbnail\" data-id=\"u6nQmxAxJHk\" data-title=\"Joaqu\u00edn Rodrigo - Concierto Pastoral 1. Movement\" data-url=\"\">\n    <div class=\"ayg-thumbnail-image-wrapper\">\n                <img src=\"https:\/\/i.ytimg.com\/vi\/u6nQmxAxJHk\/maxresdefault.jpg\" class=\"ayg-thumbnail-image\" alt=\"Joaqu\u00edn Rodrigo - Concierto Pastoral 1. Movement\" \/>\n\n        <svg class=\"ayg-icon ayg-thumbnail-icon-play\" width=\"32\" height=\"32\" viewBox=\"0 0 32 32\" fill=\"#fff\">\n            <path d=\"M16 0c-8.837 0-16 7.163-16 16s7.163 16 16 16 16-7.163 16-16-7.163-16-16-16zM16 29c-7.18 0-13-5.82-13-13s5.82-13 13-13 13 5.82 13 13-5.82 13-13 13zM12 9l12 7-12 7z\"><\/path>\n        <\/svg>\n\n        <div class=\"ayg-thumbnail-active\" style=\"display: none;\">active<\/div>\n    <\/div>\n\n    <div class=\"ayg-thumbnail-caption\">\n         \n            <div class=\"ayg-thumbnail-title\">Joaqu\u00edn Rodrigo - Concierto Pastoral 1. Movement<\/div>\n         \n\n                    <div class=\"ayg-thumbnail-excerpt\">Bulent Evcil plays Joaqu\u00edn Rodrigo ''Concierto Pastoral'' First ...<\/div>\n        \n          \n            <div class=\"ayg-thumbnail-description\" style=\"display: none;\">Bulent Evcil plays Joaqu\u00edn Rodrigo ''Concierto Pastoral'' First Movement<br \/>\nLive Concert Recording<br \/>\nBulent Evcil &amp; Flute<br \/>\nJose-Miguel Rodilla  &amp; Conducter<br \/>\nMURCIA STATE SYMPHONY<\/div>\n            <\/div>           \n<\/div>            <\/div>\n                    <div class=\"ayg-item ayg-item-XsX4KecSlrg ayg-col ayg-col-3\">\n                \n<div class=\"ayg-thumbnail\" data-id=\"XsX4KecSlrg\" data-title=\"Lowell Lieberman Flute Concerto Turkish Premiere 1.movement\" data-url=\"\">\n    <div class=\"ayg-thumbnail-image-wrapper\">\n                <img src=\"https:\/\/i.ytimg.com\/vi\/XsX4KecSlrg\/mqdefault.jpg\" class=\"ayg-thumbnail-image\" alt=\"Lowell Lieberman Flute Concerto Turkish Premiere 1.movement\" \/>\n\n        <svg class=\"ayg-icon ayg-thumbnail-icon-play\" width=\"32\" height=\"32\" viewBox=\"0 0 32 32\" fill=\"#fff\">\n            <path d=\"M16 0c-8.837 0-16 7.163-16 16s7.163 16 16 16 16-7.163 16-16-7.163-16-16-16zM16 29c-7.18 0-13-5.82-13-13s5.82-13 13-13 13 5.82 13 13-5.82 13-13 13zM12 9l12 7-12 7z\"><\/path>\n        <\/svg>\n\n        <div class=\"ayg-thumbnail-active\" style=\"display: none;\">active<\/div>\n    <\/div>\n\n    <div class=\"ayg-thumbnail-caption\">\n         \n            <div class=\"ayg-thumbnail-title\">Lowell Lieberman Flute Concerto Turkish Premiere 1.movement<\/div>\n         \n\n                    <div class=\"ayg-thumbnail-excerpt\">Lowell Liebermann Flute Concerto Turkey's Premiere live concert in ...<\/div>\n        \n          \n            <div class=\"ayg-thumbnail-description\" style=\"display: none;\">Lowell Liebermann Flute Concerto <br \/>\nTurkey's Premiere live concert in Istanbul 2 april 2016<br \/>\nFlute:Bulent Evcil<br \/>\nConductor: Antonio Pirolli<br \/>\nISTANBUL STATE SYMPHONY ORCHESTRA <br \/>\n1. Movement<\/div>\n            <\/div>           \n<\/div>            <\/div>\n                    <div class=\"ayg-item ayg-item-7SFBDKar42o ayg-col ayg-col-3\">\n                \n<div class=\"ayg-thumbnail\" data-id=\"7SFBDKar42o\" data-title=\"Lowell Liebermann Flute Concerto Turkish premiere. 2.Movement\" data-url=\"\">\n    <div class=\"ayg-thumbnail-image-wrapper\">\n                <img src=\"https:\/\/i.ytimg.com\/vi\/7SFBDKar42o\/maxresdefault.jpg\" class=\"ayg-thumbnail-image\" alt=\"Lowell Liebermann Flute Concerto Turkish premiere. 2.Movement\" \/>\n\n        <svg class=\"ayg-icon ayg-thumbnail-icon-play\" width=\"32\" height=\"32\" viewBox=\"0 0 32 32\" fill=\"#fff\">\n            <path d=\"M16 0c-8.837 0-16 7.163-16 16s7.163 16 16 16 16-7.163 16-16-7.163-16-16-16zM16 29c-7.18 0-13-5.82-13-13s5.82-13 13-13 13 5.82 13 13-5.82 13-13 13zM12 9l12 7-12 7z\"><\/path>\n        <\/svg>\n\n        <div class=\"ayg-thumbnail-active\" style=\"display: none;\">active<\/div>\n    <\/div>\n\n    <div class=\"ayg-thumbnail-caption\">\n         \n            <div class=\"ayg-thumbnail-title\">Lowell Liebermann Flute Concerto Turkish premiere. 2.Movement<\/div>\n         \n\n                    <div class=\"ayg-thumbnail-excerpt\">Lowell Liebermann Flute Concerto Turkey's Premiere live concert in ...<\/div>\n        \n          \n            <div class=\"ayg-thumbnail-description\" style=\"display: none;\">Lowell Liebermann Flute Concerto <br \/>\nTurkey's Premiere live concert in Istanbul 2 april 2016<br \/>\nFlute:Bulent Evcil<br \/>\nConductor: Antonio Pirolli<br \/>\nISTANBUL STATE SYMPHONY ORCHESTRA<br \/>\n2.movement<\/div>\n            <\/div>           \n<\/div>            <\/div>\n                    <div class=\"ayg-item ayg-item-IAUL5ld3mXs ayg-col ayg-col-3\">\n                \n<div class=\"ayg-thumbnail\" data-id=\"IAUL5ld3mXs\" data-title=\"Lowell Liebermann Flute Concerto Turkish premiere.. 3. Movement\" data-url=\"\">\n    <div class=\"ayg-thumbnail-image-wrapper\">\n                <img src=\"https:\/\/i.ytimg.com\/vi\/IAUL5ld3mXs\/mqdefault.jpg\" class=\"ayg-thumbnail-image\" alt=\"Lowell Liebermann Flute Concerto Turkish premiere.. 3. Movement\" \/>\n\n        <svg class=\"ayg-icon ayg-thumbnail-icon-play\" width=\"32\" height=\"32\" viewBox=\"0 0 32 32\" fill=\"#fff\">\n            <path d=\"M16 0c-8.837 0-16 7.163-16 16s7.163 16 16 16 16-7.163 16-16-7.163-16-16-16zM16 29c-7.18 0-13-5.82-13-13s5.82-13 13-13 13 5.82 13 13-5.82 13-13 13zM12 9l12 7-12 7z\"><\/path>\n        <\/svg>\n\n        <div class=\"ayg-thumbnail-active\" style=\"display: none;\">active<\/div>\n    <\/div>\n\n    <div class=\"ayg-thumbnail-caption\">\n         \n            <div class=\"ayg-thumbnail-title\">Lowell Liebermann Flute Concerto Turkish premiere.. 3. Movement<\/div>\n         \n\n                    <div class=\"ayg-thumbnail-excerpt\">Lowell Liebermann Flute Concerto Turkish premiere..3rd movement Live ...<\/div>\n        \n          \n            <div class=\"ayg-thumbnail-description\" style=\"display: none;\"><span class=\"ayg-player-description-less\">Lowell Liebermann Flute Concerto Turkish premiere..3rd movement <br \/>\nLive recorded on  2 april 2016 ISTANBUL<br \/>\nBulent Evcil flute<br \/>\nAntonio Pirolli Conductor<br \/>\nISTANBUL STATE SYMPHONY ORCHESTRA <br \/>\n\u0130stanbul Devlet Senfoni Orkestras\u0131<br \/>\nsound:engineer Mehmet Sungur \u00c7elebi<br \/>\nVideo: Klasik <span class=\"ayg-player-description-dots\">...<\/span><\/span><span class=\"ayg-player-description-more\">Esintiler<\/span><a href=\"#\" class=\"ayg-player-description-toggle-btn\">[+] Show More<\/a><\/div>\n            <\/div>           \n<\/div>            <\/div>\n                    <div class=\"ayg-item ayg-item-P2q-WAcx_OQ ayg-col ayg-col-3\">\n                \n<div class=\"ayg-thumbnail\" data-id=\"P2q-WAcx_OQ\" data-title=\"BULENT EVC\u0130L \/ &quot;LASC\u0130A CH&#039;\u0130O P\u0130ANGA&quot; (LET ME WEEP)\" data-url=\"\">\n    <div class=\"ayg-thumbnail-image-wrapper\">\n                <img src=\"https:\/\/i.ytimg.com\/vi\/P2q-WAcx_OQ\/maxresdefault.jpg\" class=\"ayg-thumbnail-image\" alt=\"BULENT EVC\u0130L \/ &quot;LASC\u0130A CH&#039;\u0130O P\u0130ANGA&quot; (LET ME WEEP)\" \/>\n\n        <svg class=\"ayg-icon ayg-thumbnail-icon-play\" width=\"32\" height=\"32\" viewBox=\"0 0 32 32\" fill=\"#fff\">\n            <path d=\"M16 0c-8.837 0-16 7.163-16 16s7.163 16 16 16 16-7.163 16-16-7.163-16-16-16zM16 29c-7.18 0-13-5.82-13-13s5.82-13 13-13 13 5.82 13 13-5.82 13-13 13zM12 9l12 7-12 7z\"><\/path>\n        <\/svg>\n\n        <div class=\"ayg-thumbnail-active\" style=\"display: none;\">active<\/div>\n    <\/div>\n\n    <div class=\"ayg-thumbnail-caption\">\n         \n            <div class=\"ayg-thumbnail-title\">BULENT EVC\u0130L \/ &quot;LASC\u0130A CH&#039;\u0130O P\u0130ANGA&quot; (LET ME WEEP)<\/div>\n         \n\n                    <div class=\"ayg-thumbnail-excerpt\">#bulentevcil #b\u00fclentevcil #flute #georgefriderichandel #patrickgallois ...<\/div>\n        \n          \n            <div class=\"ayg-thumbnail-description\" style=\"display: none;\">#bulentevcil #b\u00fclentevcil #flute #georgefriderichandel #patrickgallois #idso #fl\u00fct #concert #music #e\u011flence<br \/>\n<br \/>\nB\u00fclent Evcil \/ \u201cLascia Ch\u2019io Pianga\u201d (Let me Weep) #georgefriderichandel #patrickgallois conducting #idso accompanied #bulentevcil<\/div>\n            <\/div>           \n<\/div>            <\/div>\n                    <div class=\"ayg-item ayg-item-NgrhMvxLySM ayg-col ayg-col-3\">\n                \n<div class=\"ayg-thumbnail\" data-id=\"NgrhMvxLySM\" data-title=\"Ashokan Farewell\" data-url=\"\">\n    <div class=\"ayg-thumbnail-image-wrapper\">\n                <img src=\"https:\/\/i.ytimg.com\/vi\/NgrhMvxLySM\/maxresdefault.jpg\" class=\"ayg-thumbnail-image\" alt=\"Ashokan Farewell\" \/>\n\n        <svg class=\"ayg-icon ayg-thumbnail-icon-play\" width=\"32\" height=\"32\" viewBox=\"0 0 32 32\" fill=\"#fff\">\n            <path d=\"M16 0c-8.837 0-16 7.163-16 16s7.163 16 16 16 16-7.163 16-16-7.163-16-16-16zM16 29c-7.18 0-13-5.82-13-13s5.82-13 13-13 13 5.82 13 13-5.82 13-13 13zM12 9l12 7-12 7z\"><\/path>\n        <\/svg>\n\n        <div class=\"ayg-thumbnail-active\" style=\"display: none;\">active<\/div>\n    <\/div>\n\n    <div class=\"ayg-thumbnail-caption\">\n         \n            <div class=\"ayg-thumbnail-title\">Ashokan Farewell<\/div>\n         \n\n                    <div class=\"ayg-thumbnail-excerpt\">Ashokan Farewell with Flute and Harp Bulent Evcil flute Cagatay Akyol ...<\/div>\n        \n          \n            <div class=\"ayg-thumbnail-description\" style=\"display: none;\">Ashokan Farewell  with Flute and Harp<br \/>\nBulent Evcil flute<br \/>\nCagatay Akyol harp<br \/>\nLive concert recording in Korea  from the concert ''A magical Journay in Music''<\/div>\n            <\/div>           \n<\/div>            <\/div>\n                    <div class=\"ayg-item ayg-item-vCkhDPaZ6Xo ayg-col ayg-col-3\">\n                \n<div class=\"ayg-thumbnail\" data-id=\"vCkhDPaZ6Xo\" data-title=\"Bulent Evcil at Bulgarian Hall Sofia with Pleven Philharmonic  Briccialdi Carnavale di Venezzia\" data-url=\"\">\n    <div class=\"ayg-thumbnail-image-wrapper\">\n                <img src=\"https:\/\/i.ytimg.com\/vi\/vCkhDPaZ6Xo\/maxresdefault.jpg\" class=\"ayg-thumbnail-image\" alt=\"Bulent Evcil at Bulgarian Hall Sofia with Pleven Philharmonic  Briccialdi Carnavale di Venezzia\" \/>\n\n        <svg class=\"ayg-icon ayg-thumbnail-icon-play\" width=\"32\" height=\"32\" viewBox=\"0 0 32 32\" fill=\"#fff\">\n            <path d=\"M16 0c-8.837 0-16 7.163-16 16s7.163 16 16 16 16-7.163 16-16-7.163-16-16-16zM16 29c-7.18 0-13-5.82-13-13s5.82-13 13-13 13 5.82 13 13-5.82 13-13 13zM12 9l12 7-12 7z\"><\/path>\n        <\/svg>\n\n        <div class=\"ayg-thumbnail-active\" style=\"display: none;\">active<\/div>\n    <\/div>\n\n    <div class=\"ayg-thumbnail-caption\">\n         \n            <div class=\"ayg-thumbnail-title\">Bulent Evcil at Bulgarian Hall Sofia with Pleven Philharmonic  Briccialdi Carnavale di Venezzia<\/div>\n         \n\n                    <div class=\"ayg-thumbnail-excerpt\">Pleven Philharmonic Conductor Yordan Kamdzhalov Bulent Evcil Flute ...<\/div>\n        \n          \n            <div class=\"ayg-thumbnail-description\" style=\"display: none;\">Pleven Philharmonic Conductor Yordan Kamdzhalov<br \/>\nBulent Evcil Flute<br \/>\nGulio  Briccialdi Carnavale di Venezzia \/ Venedik Karnaval\u0131<br \/>\nBULGARIAN HALL SOFIA<\/div>\n            <\/div>           \n<\/div>            <\/div>\n                    <div class=\"ayg-item ayg-item-fnpCGScgu_U ayg-col ayg-col-3\">\n                \n<div class=\"ayg-thumbnail\" data-id=\"fnpCGScgu_U\" data-title=\"Gypsy Airs \/ Zigeunerweisen Bulent Evcil &amp; flute\" data-url=\"\">\n    <div class=\"ayg-thumbnail-image-wrapper\">\n                <img src=\"https:\/\/i.ytimg.com\/vi\/fnpCGScgu_U\/maxresdefault.jpg\" class=\"ayg-thumbnail-image\" alt=\"Gypsy Airs \/ Zigeunerweisen Bulent Evcil &amp; flute\" \/>\n\n        <svg class=\"ayg-icon ayg-thumbnail-icon-play\" width=\"32\" height=\"32\" viewBox=\"0 0 32 32\" fill=\"#fff\">\n            <path d=\"M16 0c-8.837 0-16 7.163-16 16s7.163 16 16 16 16-7.163 16-16-7.163-16-16-16zM16 29c-7.18 0-13-5.82-13-13s5.82-13 13-13 13 5.82 13 13-5.82 13-13 13zM12 9l12 7-12 7z\"><\/path>\n        <\/svg>\n\n        <div class=\"ayg-thumbnail-active\" style=\"display: none;\">active<\/div>\n    <\/div>\n\n    <div class=\"ayg-thumbnail-caption\">\n         \n            <div class=\"ayg-thumbnail-title\">Gypsy Airs \/ Zigeunerweisen Bulent Evcil &amp; flute<\/div>\n         \n\n                    <div class=\"ayg-thumbnail-excerpt\">Pablo de Sarasate Gypsy Airs \/ Zigeunerweisen Bulent Evcil flute ...<\/div>\n        \n          \n            <div class=\"ayg-thumbnail-description\" style=\"display: none;\">Pablo de Sarasate Gypsy Airs \/ Zigeunerweisen<br \/>\nBulent Evcil flute<br \/>\nAntonio Pirolli Conductor<br \/>\nIstanbul State Symphony Orchestra<br \/>\nAllegro molto Vivace<br \/>\nLive Concert Recording 07.03.2014<br \/>\nCKM Concert Hall - ISTANBUL<\/div>\n            <\/div>           \n<\/div>            <\/div>\n                    <div class=\"ayg-item ayg-item-3VnBQfgga-w ayg-col ayg-col-3\">\n                \n<div class=\"ayg-thumbnail\" data-id=\"3VnBQfgga-w\" data-title=\"Flight of the Bumblebee  Bulent Evcil&amp;Flute with BIFO\" data-url=\"\">\n    <div class=\"ayg-thumbnail-image-wrapper\">\n                <img src=\"https:\/\/i.ytimg.com\/vi\/3VnBQfgga-w\/mqdefault.jpg\" class=\"ayg-thumbnail-image\" alt=\"Flight of the Bumblebee  Bulent Evcil&amp;Flute with BIFO\" \/>\n\n        <svg class=\"ayg-icon ayg-thumbnail-icon-play\" width=\"32\" height=\"32\" viewBox=\"0 0 32 32\" fill=\"#fff\">\n            <path d=\"M16 0c-8.837 0-16 7.163-16 16s7.163 16 16 16 16-7.163 16-16-7.163-16-16-16zM16 29c-7.18 0-13-5.82-13-13s5.82-13 13-13 13 5.82 13 13-5.82 13-13 13zM12 9l12 7-12 7z\"><\/path>\n        <\/svg>\n\n        <div class=\"ayg-thumbnail-active\" style=\"display: none;\">active<\/div>\n    <\/div>\n\n    <div class=\"ayg-thumbnail-caption\">\n         \n            <div class=\"ayg-thumbnail-title\">Flight of the Bumblebee  Bulent Evcil&amp;Flute with BIFO<\/div>\n         \n\n                    <div class=\"ayg-thumbnail-excerpt\">Fastest Bumble bee of all times with fl\u00fcte this time with BIFO ...<\/div>\n        \n          \n            <div class=\"ayg-thumbnail-description\" style=\"display: none;\">Fastest Bumble bee of all times with fl\u00fcte <br \/>\n this time with BIFO (Borusan Istanbul Phil.)<br \/>\nSascha Gotzel: Conductor<br \/>\nB\u00fclent Evcil: Flute<\/div>\n            <\/div>           \n<\/div>            <\/div>\n                    <div class=\"ayg-item ayg-item-lUXhVXFdUYc ayg-col ayg-col-3\">\n                \n<div class=\"ayg-thumbnail\" data-id=\"lUXhVXFdUYc\" data-title=\"Eldin Burton Sonatina for flute and piano\" data-url=\"\">\n    <div class=\"ayg-thumbnail-image-wrapper\">\n                <img src=\"https:\/\/i.ytimg.com\/vi\/lUXhVXFdUYc\/mqdefault.jpg\" class=\"ayg-thumbnail-image\" alt=\"Eldin Burton Sonatina for flute and piano\" \/>\n\n        <svg class=\"ayg-icon ayg-thumbnail-icon-play\" width=\"32\" height=\"32\" viewBox=\"0 0 32 32\" fill=\"#fff\">\n            <path d=\"M16 0c-8.837 0-16 7.163-16 16s7.163 16 16 16 16-7.163 16-16-7.163-16-16-16zM16 29c-7.18 0-13-5.82-13-13s5.82-13 13-13 13 5.82 13 13-5.82 13-13 13zM12 9l12 7-12 7z\"><\/path>\n        <\/svg>\n\n        <div class=\"ayg-thumbnail-active\" style=\"display: none;\">active<\/div>\n    <\/div>\n\n    <div class=\"ayg-thumbnail-caption\">\n         \n            <div class=\"ayg-thumbnail-title\">Eldin Burton Sonatina for flute and piano<\/div>\n         \n\n                    <div class=\"ayg-thumbnail-excerpt\">Prize Winning Composition of the New York Flute Contest 1948 B\u00fclent ...<\/div>\n        \n          \n            <div class=\"ayg-thumbnail-description\" style=\"display: none;\">Prize Winning Composition of the New York Flute Contest 1948<br \/>\nB\u00fclent Evcil Flute<br \/>\nLior Kretzer Piano<br \/>\n from the recital in Jerusalem-Israel<\/div>\n            <\/div>           \n<\/div>            <\/div>\n                    <div class=\"ayg-item ayg-item-Rf07fk0fwCw ayg-col ayg-col-3\">\n                \n<div class=\"ayg-thumbnail\" data-id=\"Rf07fk0fwCw\" data-title=\"Variations on a Turkish Folk Song \u201cUzun ince bir yolday\u0131m\u201d By HASAN N. TURA\" data-url=\"\">\n    <div class=\"ayg-thumbnail-image-wrapper\">\n                <img src=\"https:\/\/i.ytimg.com\/vi\/Rf07fk0fwCw\/maxresdefault.jpg\" class=\"ayg-thumbnail-image\" alt=\"Variations on a Turkish Folk Song \u201cUzun ince bir yolday\u0131m\u201d By HASAN N. TURA\" \/>\n\n        <svg class=\"ayg-icon ayg-thumbnail-icon-play\" width=\"32\" height=\"32\" viewBox=\"0 0 32 32\" fill=\"#fff\">\n            <path d=\"M16 0c-8.837 0-16 7.163-16 16s7.163 16 16 16 16-7.163 16-16-7.163-16-16-16zM16 29c-7.18 0-13-5.82-13-13s5.82-13 13-13 13 5.82 13 13-5.82 13-13 13zM12 9l12 7-12 7z\"><\/path>\n        <\/svg>\n\n        <div class=\"ayg-thumbnail-active\" style=\"display: none;\">active<\/div>\n    <\/div>\n\n    <div class=\"ayg-thumbnail-caption\">\n         \n            <div class=\"ayg-thumbnail-title\">Variations on a Turkish Folk Song \u201cUzun ince bir yolday\u0131m\u201d By HASAN N. TURA<\/div>\n         \n\n                    <div class=\"ayg-thumbnail-excerpt\">As\u0327\u0131k Veyselin temas\u0131 u\u0308zerine c\u0327es\u0327itlemeler. Hasan N. TURA World ...<\/div>\n        \n          \n            <div class=\"ayg-thumbnail-description\" style=\"display: none;\">As\u0327\u0131k Veyselin temas\u0131 u\u0308zerine c\u0327es\u0327itlemeler.<br \/>\nHasan N. TURA<br \/>\nWorld premiere San Diego NFA flute convention.<br \/>\nClinton Adams: Piano<br \/>\nB\u00fclent Evcil: Flute<br \/>\n#AsikVeysel #BulentEvcil #flutemusic #classicalmusic #stage #NFA #NationalFluteAssociation #HasanTura<\/div>\n            <\/div>           \n<\/div>            <\/div>\n                    <div class=\"ayg-item ayg-item-HYf75Drlsg8 ayg-col ayg-col-3\">\n                \n<div class=\"ayg-thumbnail\" data-id=\"HYf75Drlsg8\" data-title=\"Bulent Evcill&amp;\u00c7a\u011fatay Akyol play jacques ibert entr&#039;acte\" data-url=\"\">\n    <div class=\"ayg-thumbnail-image-wrapper\">\n                <img src=\"https:\/\/i.ytimg.com\/vi\/HYf75Drlsg8\/mqdefault.jpg\" class=\"ayg-thumbnail-image\" alt=\"Bulent Evcill&amp;\u00c7a\u011fatay Akyol play jacques ibert entr&#039;acte\" \/>\n\n        <svg class=\"ayg-icon ayg-thumbnail-icon-play\" width=\"32\" height=\"32\" viewBox=\"0 0 32 32\" fill=\"#fff\">\n            <path d=\"M16 0c-8.837 0-16 7.163-16 16s7.163 16 16 16 16-7.163 16-16-7.163-16-16-16zM16 29c-7.18 0-13-5.82-13-13s5.82-13 13-13 13 5.82 13 13-5.82 13-13 13zM12 9l12 7-12 7z\"><\/path>\n        <\/svg>\n\n        <div class=\"ayg-thumbnail-active\" style=\"display: none;\">active<\/div>\n    <\/div>\n\n    <div class=\"ayg-thumbnail-caption\">\n         \n            <div class=\"ayg-thumbnail-title\">Bulent Evcill&amp;\u00c7a\u011fatay Akyol play jacques ibert entr&#039;acte<\/div>\n         \n\n                    <div class=\"ayg-thumbnail-excerpt\">Bulent Evcil: Flute \u00c7a\u011fatay Akyol:Harp #live #concert #eskisehir ...<\/div>\n        \n          \n            <div class=\"ayg-thumbnail-description\" style=\"display: none;\">Bulent Evcil: Flute<br \/>\n\u00c7a\u011fatay Akyol:Harp<br \/>\n#live #concert #eskisehir #senfoni<br \/>\n#Jacques Ibert #bulentevcil #flute #harp #flutepiece <br \/>\n#lifeconcert #recording #b\u00fclentevcil<\/div>\n            <\/div>           \n<\/div>            <\/div>\n            <\/div>\n\n    <!-- Pagination -->    \n    \n<div class=\"ayg-pagination\" data-params='{\"uid\":\"75aac1fb4c921d898932173516938ef9\",\"post_id\":98,\"type\":\"playlist\",\"src\":\"PL_qM0Z1LBY3gsAN3wuN7gIHBYnm3KSz4p\",\"order\":\"relevance\",\"per_page\":12,\"cache\":86400,\"columns\":3,\"thumb_ratio\":56.25,\"thumb_title\":1,\"thumb_title_length\":0,\"thumb_excerpt\":1,\"thumb_excerpt_length\":75,\"player_description\":1,\"total_pages\":2,\"paged\":1,\"next_page_token\":\"EAAaHlBUOkNBd2lFRFV6T1RaQk1ERXhPVE0wT1Rnd09FVQ\",\"prev_page_token\":\"\"}'>\n            <div class=\"ayg-pagination-prev\">\n            <button type=\"button\" class=\"ayg-btn ayg-pagination-prev-btn\" data-type=\"previous\" style=\"display: none;\">Previous<\/button>\n        <\/div>\n\n        <div class=\"ayg-pagination-info\">\n            <span class=\"ayg-pagination-current-page-number\">1<\/span>\n            of            <span class=\"ayg-pagination-total-pages\">2<\/span>\n        <\/div>\n\n        <div class=\"ayg-pagination-next\">\n            <button type=\"button\" class=\"ayg-btn ayg-pagination-next-btn\" data-type=\"next\">Next<\/button>\n        <\/div>\n    <\/div><\/div>\n\n","protected":false},"excerpt":{"rendered":"","protected":false},"author":1,"featured_media":0,"parent":0,"menu_order":0,"comment_status":"closed","ping_status":"closed","template":"","meta":{"footnotes":""},"_links":{"self":[{"href":"http:\/\/www.bulentevcil.art\/en\/index.php\/wp-json\/wp\/v2\/pages\/98"}],"collection":[{"href":"http:\/\/www.bulentevcil.art\/en\/index.php\/wp-json\/wp\/v2\/pages"}],"about":[{"href":"http:\/\/www.bulentevcil.art\/en\/index.php\/wp-json\/wp\/v2\/types\/page"}],"author":[{"embeddable":true,"href":"http:\/\/www.bulentevcil.art\/en\/index.php\/wp-json\/wp\/v2\/users\/1"}],"replies":[{"embeddable":true,"href":"http:\/\/www.bulentevcil.art\/en\/index.php\/wp-json\/wp\/v2\/comments?post=98"}],"version-history":[{"count":6,"href":"http:\/\/www.bulentevcil.art\/en\/index.php\/wp-json\/wp\/v2\/pages\/98\/revisions"}],"predecessor-version":[{"id":165,"href":"http:\/\/www.bulentevcil.art\/en\/index.php\/wp-json\/wp\/v2\/pages\/98\/revisions\/165"}],"wp:attachment":[{"href":"http:\/\/www.bulentevcil.art\/en\/index.php\/wp-json\/wp\/v2\/media?parent=98"}],"curies":[{"name":"wp","href":"https:\/\/api.w.org\/{rel}","templated":true}]}}