{"id":50,"date":"2020-04-19T08:37:22","date_gmt":"2020-04-19T08:37:22","guid":{"rendered":"http:\/\/www.bulentevcil.art\/en\/?page_id=50"},"modified":"2020-05-22T14:29:47","modified_gmt":"2020-05-22T11:29:47","slug":"press","status":"publish","type":"page","link":"http:\/\/www.bulentevcil.art\/en\/index.php\/press\/","title":{"rendered":"Press"},"content":{"rendered":"\t\t<div data-elementor-type=\"wp-page\" data-elementor-id=\"50\" class=\"elementor elementor-50\">\n\t\t\t\t\t\t\t\t\t<section class=\"elementor-section elementor-top-section elementor-element elementor-element-90c8f01 elementor-section-boxed elementor-section-height-default elementor-section-height-default\" data-id=\"90c8f01\" data-element_type=\"section\">\n\t\t\t\t\t\t<div class=\"elementor-container elementor-column-gap-default\">\n\t\t\t\t\t<div class=\"elementor-column elementor-col-100 elementor-top-column elementor-element elementor-element-0e42618\" data-id=\"0e42618\" data-element_type=\"column\">\n\t\t\t<div class=\"elementor-widget-wrap elementor-element-populated\">\n\t\t\t\t\t\t\t\t<div class=\"elementor-element elementor-element-6865d35 elementor-widget elementor-widget-text-editor\" data-id=\"6865d35\" data-element_type=\"widget\" data-widget_type=\"text-editor.default\">\n\t\t\t\t<div class=\"elementor-widget-container\">\n\t\t\t\t\t\t\t<p><a href=\"http:\/\/www.bulentevcil.art\/en\/wp-content\/uploads\/2020\/05\/BULENT-EVCIL.pdf\" target=\"_blank\" rel=\"noopener\">B\u00dclent Evcil &#8211; Fl\u00fct \u00c7almak Benim i\u00e7in bir Terapi \u0130\u00e7imdeki \u0130yili\u011fi B\u00fcy\u00fcten bir G\u00fc\u00e7<\/a><\/p><p><a href=\"http:\/\/www.bulentevcil.art\/en\/wp-content\/uploads\/2020\/05\/The-Flute-Talk-Interview.pdf\" target=\"_blank\" rel=\"noopener\">The Flute Talk Interview<\/a><\/p><p><a href=\"http:\/\/www.bulentevcil.art\/en\/wp-content\/uploads\/2020\/05\/Andante-Roportaj.pdf\" target=\"_blank\" rel=\"noopener\">Andante Interview<\/a><\/p><p><a href=\"http:\/\/www.bulentevcil.art\/en\/wp-content\/uploads\/2020\/05\/Carmen-tanzt-zu-Fl\u00f6tent\u00f6nen-_-Furioses-Bl\u00e4serduo-im-Bagno-Kultur-Re_-www.wn_.de_.pdf\" target=\"_blank\" rel=\"noopener\">Carmen tanzt zu Fl\u00f6tent\u00f6nen _ Furioses Bl\u00e4serduo im Bagno &#8211; Kultur Re_ &#8211; www.wn.de<\/a><\/p><p><a href=\"http:\/\/www.bulentevcil.art\/en\/wp-content\/uploads\/2020\/05\/Zihninizi-g\u00fcnl\u00fck-tela\u015ftan-ar\u0131nd\u0131r\u0131n-Do\u011fan-HIZLAN-K\u00f6\u015fe-Yaz\u0131lar\u0131_-www.hurriyet.com_.tr_.pdf\" target=\"_blank\" rel=\"noopener\">Zihninizi g\u00fcnl\u00fck tela\u015ftan ar\u0131nd\u0131r\u0131n &#8211; Do\u011fan HIZLAN &#8211; K\u00f6\u015fe Yaz\u0131lar\u0131_ &#8211; www.hurriyet.com.tr<\/a><\/p><p><a href=\"http:\/\/www.bulentevcil.art\/en\/wp-content\/uploads\/2020\/05\/Zeynep-Oral-_-Bal\u0131k-ba\u015ftan-kokar...-www.cumhuriyet.com_.tr_.pdf\" target=\"_blank\" rel=\"noopener\">Zeynep Oral _ Bal\u0131k ba\u015ftan kokar&#8230; &#8211; www.cumhuriyet.com.tr<\/a><\/p><p><a href=\"http:\/\/www.bulentevcil.art\/en\/wp-content\/uploads\/2020\/05\/Te\u015fekk\u00fcrler-Evin..-HINCAL-ULU\u00c7-www.sabah_.com_.tr_.pdf\" target=\"_blank\" rel=\"noopener\">Te\u015fekk\u00fcrler Evin!.. &#8211; HINCAL ULU\u00c7 &#8211; www.sabah.com.tr<\/a><\/p><p><a href=\"http:\/\/www.bulentevcil.art\/en\/wp-content\/uploads\/2020\/05\/H\u0131ncal-Ulu\u00e7_-Magazin-sayfalar\u0131-ter\u00f6re-teslim-oldu\u011funu-ilan-eden-\u00fcnl\u00fc_-t24.com_.tr_.pdf\" target=\"_blank\" rel=\"noopener\">H\u0131ncal Ulu\u00e7_ Magazin sayfalar\u0131, ter\u00f6re teslim oldu\u011funu ilan eden \u00fcnl\u00fc_ &#8211; t24.com.tr<\/a><\/p><p><a href=\"http:\/\/www.bulentevcil.art\/en\/wp-content\/uploads\/2020\/05\/Harvardda-Anadolu-ve-Bat\u0131-ezgileri-iki-T\u00fcrk-sanat\u00e7\u0131n\u0131n-arp-ve-fl\u00fct\u00fc_-www.aa_.com_.tr_.pdf\" target=\"_blank\" rel=\"noopener\">Harvard&#8217;da Anadolu ve Bat\u0131 ezgileri, iki T\u00fcrk sanat\u00e7\u0131n\u0131n arp ve fl\u00fct\u00fc_ &#8211; www.aa.com.tr<\/a><\/p><p><a href=\"http:\/\/www.bulentevcil.art\/en\/wp-content\/uploads\/2020\/05\/Fl\u00fct-ve-Arpla-M\u00fczikte-B\u00fcy\u00fcl\u00fc-Bir-Yolculuk-www.andante.com_.tr_.pdf\" target=\"_blank\" rel=\"noopener\">Fl\u00fct ve Arpla M\u00fczikte B\u00fcy\u00fcl\u00fc Bir Yolculuk &#8211; www.andante.com.tr<\/a><\/p><p><a href=\"http:\/\/www.bulentevcil.art\/en\/wp-content\/uploads\/2020\/05\/\u201cFlute-Talk\u201dun-kapa\u011f\u0131nda-bir-T\u00fcrk-virt\u00fcoz-S\u00f6yle\u015fi-www.sanattanyan_-www.sanattanyansimalar.com_.pdf\" target=\"_blank\" rel=\"noopener\">\u201cFlute Talk\u201dun kapa\u011f\u0131nda bir T\u00fcrk virt\u00fcoz &#8211; S\u00f6yle\u015fi &#8211; www.sanattanyan_ &#8211; www.sanattanyansimalar.com<\/a><\/p><p><a href=\"http:\/\/www.bulentevcil.art\/en\/wp-content\/uploads\/2020\/05\/Evin-\u0130lyaso\u011flu-_-Eski-y\u0131ldan-yeni-y\u0131la-www.cumhuriyet.com_.tr_.pdf\" target=\"_blank\" rel=\"noopener\">Evin \u0130lyaso\u011flu _ Eski y\u0131ldan yeni y\u0131la &#8211; www.cumhuriyet.com.tr<\/a><\/p><p><a href=\"http:\/\/www.bulentevcil.art\/en\/wp-content\/uploads\/2020\/05\/Evcil..-HINCAL-ULU\u00c7-m.sabah_.com_.tr_.pdf\" target=\"_blank\" rel=\"noopener\">Evcil!.. &#8211; HINCAL ULU\u00c7 &#8211; m.sabah.com.tr<\/a><\/p><p><a href=\"http:\/\/www.bulentevcil.art\/en\/wp-content\/uploads\/2020\/05\/\u2018En-b\u00fcy\u00fck-hayalim-T\u00fcrkiye\u2019de-fl\u00fct-festivali-d\u00fczenlemek\u2019-K\u00fclt\u00fcr-Sana_-www.sozcu_.com_.tr_.pdf\" target=\"_blank\" rel=\"noopener\">\u2018En b\u00fcy\u00fck hayalim T\u00fcrkiye\u2019de fl\u00fct festivali d\u00fczenlemek\u2019 &#8211; K\u00fclt\u00fcr-Sana_ &#8211; www.sozcu.com.tr<\/a><\/p><p><a href=\"http:\/\/www.bulentevcil.art\/en\/wp-content\/uploads\/2020\/05\/B\u00fclent-Evcil-\u201cThe-Flute-Talk\u201da-kapak-oldu-www.haberturk.com_.pdf\" target=\"_blank\" rel=\"noopener\">B\u00fclent Evcil \u201cThe Flute Talk\u201da kapak oldu &#8211; www.haberturk.com<\/a><\/p><p><a href=\"http:\/\/www.bulentevcil.art\/en\/wp-content\/uploads\/2020\/05\/B\u00fclent-Evcilin-son-alb\u00fcm\u00fc_-Orta-Do\u011fu-Minyat\u00fcrleri-www.cumhuriyet.com_.tr_.pdf\" target=\"_blank\" rel=\"noopener\">B\u00fclent Evcil&#8217;in son alb\u00fcm\u00fc_ Orta Do\u011fu Minyat\u00fcrleri &#8211; www.cumhuriyet.com.tr<\/a><\/p><p><a href=\"http:\/\/www.bulentevcil.art\/en\/wp-content\/uploads\/2020\/05\/B\u00fclent-Evcil-ile-mistik-bir-d\u00fcnya-pr\u00f6miyeri-\u00fczerine...-www.andante.com_.tr_.pdf\" target=\"_blank\" rel=\"noopener\">B\u00fclent Evcil ile mistik bir d\u00fcnya pr\u00f6miyeri \u00fczerine&#8230; &#8211; www.andante.com.tr<\/a><\/p><p><a href=\"http:\/\/www.bulentevcil.art\/en\/wp-content\/uploads\/2020\/05\/Bir-ney-bir-de-fl\u00fct.-HINCAL-ULU\u00c7-www.sabah_.com_.tr_.pdf\" target=\"_blank\" rel=\"noopener\">Bir ney, bir de fl\u00fct!. &#8211; HINCAL ULU\u00c7 &#8211; www.sabah.com.tr<\/a><\/p><p><a href=\"http:\/\/www.bulentevcil.art\/en\/wp-content\/uploads\/2020\/05\/Biraz-da-fl\u00fct-zaman\u0131-Do\u011fan-HIZLAN-K\u00f6\u015fe-Yaz\u0131lar\u0131-www.hurriyet.com_.tr_.pdf\" target=\"_blank\" rel=\"noopener\">Biraz da fl\u00fct zaman\u0131 &#8211; Do\u011fan HIZLAN &#8211; K\u00f6\u015fe Yaz\u0131lar\u0131 &#8211; www.hurriyet.com.tr<\/a><\/p><p><a href=\"http:\/\/www.bulentevcil.art\/en\/wp-content\/uploads\/2020\/05\/Anadolu-ezgileri-Harvard\u2019da-yank\u0131lanacak-www.aydinlik.com_.tr_.pdf\" target=\"_blank\" rel=\"noopener\">Anadolu ezgileri Harvard\u2019da yank\u0131lanacak &#8211; www.aydinlik.com.tr<\/a><\/p>\t\t\t\t\t\t<\/div>\n\t\t\t\t<\/div>\n\t\t\t\t\t<\/div>\n\t\t<\/div>\n\t\t\t\t\t\t\t<\/div>\n\t\t<\/section>\n\t\t\t\t\t\t\t<\/div>\n\t\t","protected":false},"excerpt":{"rendered":"<p>B\u00dclent Evcil &#8211; Fl\u00fct \u00c7almak Benim i\u00e7in bir Terapi \u0130\u00e7imdeki \u0130yili\u011fi B\u00fcy\u00fcten bir G\u00fc\u00e7 The Flute Talk Interview Andante Interview Carmen tanzt zu Fl\u00f6tent\u00f6nen _ Furioses Bl\u00e4serduo im Bagno &#8211; Kultur Re_ &#8211; www.wn.de Zihninizi g\u00fcnl\u00fck tela\u015ftan ar\u0131nd\u0131r\u0131n &#8211; Do\u011fan HIZLAN &#8211; K\u00f6\u015fe Yaz\u0131lar\u0131_ &#8211; www.hurriyet.com.tr Zeynep Oral _ Bal\u0131k ba\u015ftan kokar&#8230; &#8211; www.cumhuriyet.com.tr Te\u015fekk\u00fcrler [&hellip;]<\/p>\n","protected":false},"author":1,"featured_media":0,"parent":0,"menu_order":0,"comment_status":"closed","ping_status":"closed","template":"","meta":{"footnotes":""},"_links":{"self":[{"href":"http:\/\/www.bulentevcil.art\/en\/index.php\/wp-json\/wp\/v2\/pages\/50"}],"collection":[{"href":"http:\/\/www.bulentevcil.art\/en\/index.php\/wp-json\/wp\/v2\/pages"}],"about":[{"href":"http:\/\/www.bulentevcil.art\/en\/index.php\/wp-json\/wp\/v2\/types\/page"}],"author":[{"embeddable":true,"href":"http:\/\/www.bulentevcil.art\/en\/index.php\/wp-json\/wp\/v2\/users\/1"}],"replies":[{"embeddable":true,"href":"http:\/\/www.bulentevcil.art\/en\/index.php\/wp-json\/wp\/v2\/comments?post=50"}],"version-history":[{"count":9,"href":"http:\/\/www.bulentevcil.art\/en\/index.php\/wp-json\/wp\/v2\/pages\/50\/revisions"}],"predecessor-version":[{"id":141,"href":"http:\/\/www.bulentevcil.art\/en\/index.php\/wp-json\/wp\/v2\/pages\/50\/revisions\/141"}],"wp:attachment":[{"href":"http:\/\/www.bulentevcil.art\/en\/index.php\/wp-json\/wp\/v2\/media?parent=50"}],"curies":[{"name":"wp","href":"https:\/\/api.w.org\/{rel}","templated":true}]}}